{"id":1430,"date":"2023-07-26T15:41:20","date_gmt":"2023-07-26T15:41:20","guid":{"rendered":"https:\/\/cinebase.escac.es\/?page_id=1430"},"modified":"2024-10-23T14:49:12","modified_gmt":"2024-10-23T14:49:12","slug":"avis-legal","status":"publish","type":"page","link":"https:\/\/cinebase.escac.es\/ca\/avis-legal\/","title":{"rendered":"Av\u00eds legal Web de Cinebase"},"content":{"rendered":"<h1 class=\"sh1singlenew\"><span style=\"font-size: 16px;\">1. IDENTIFICACI\u00d3 DEL TITULAR DEL DOMINI<\/span><\/h1>\n<div class=\"ctexto ctextoblogwrap\">\n<div class=\"ctextoblog\">\n<p>D\u2019acord amb el que disposa l\u2019article 10 de la Llei 34\/2002, de 11 de juliol, de Serveis de la Societat de la Informaci\u00f3 i del Comer\u00e7 Electr\u00f2nic, us informem que: El titular de la web \u00e9s la Fundaci\u00f3 Privada Escola Superior de Cinema i Audiovisuals de Catalunya (en endavant, ESCAC), amb domicili en la Pla\u00e7a de la Farinera n\u00ba 9, 08222 Terrassa (Barcelona), amb NIF G60464229, inscrita al Registre Fundacions. Correu electr\u00f2nic de contacte: info@escac.es Tel\u00e8fon: +34 937 361 555 Dades de l\u2019autoritzaci\u00f3 administrativa: 760<\/p>\n<h3>2. NORMES D\u2019\u00daS DEL PORTAL<\/h3>\n<p>Qui accedeixi i faci servir aquest lloc web, tindr\u00e0 la consideraci\u00f3 d\u2019usuari. L\u2019usuari pel sol fet de ser-ho, accepta totes les condicions d\u2019\u00fas. 2.1. GEN\u00c8RIQUES Est\u00e0 prohibit publicar en aquesta web, als nostres blogs, i dem\u00e9s eines de participaci\u00f3 de continguts que atemptin contra els seg\u00fcents principis:<\/p>\n<ul>\n<li>La salvaguarda de l\u2019ordre p\u00fablic, la investigaci\u00f3 penal, seguretat p\u00fablica i defensa nacional.<\/li>\n<li>La protecci\u00f3 de la salut p\u00fablica o de les persones f\u00edsiques que tinguin la condici\u00f3 de consumidors o usuaris.<\/li>\n<li>El respecte a la dignitat de la persona i al principi de no discriminaci\u00f3 per motius de ra\u00e7a, sexe, opini\u00f3, nacionalitat, discapacitat o qualsevol altra circumst\u00e0ncia personal o social.<\/li>\n<li>La protecci\u00f3 de la joventut i de la inf\u00e0ncia.<\/li>\n<li>El respecte a l\u2019autonomia de la voluntat de l\u2019afectat.<\/li>\n<li>El respecte a la propietat intel\u00b7lectual d\u2019all\u00f2 publicat.<\/li>\n<li>En general, el respecte a la legalitat vigent.<\/li>\n<\/ul>\n<p>2.2. PARTICULARS L\u2019usuari assumeix la responsabilitat de l\u2019\u00fas del portal. Aquesta responsabilitat s\u2019est\u00e9n al registre que fos necessari per accedir a determinats serveis o continguts. L\u2019usuari ser\u00e0 responsable d\u2019aportar informaci\u00f3 vera\u00e7 i l\u00edcita en el proc\u00e9s de registre. L\u2019usuari es compromet a fer un \u00fas adequat dels continguts i serveis que el titular del domini ofereix a trav\u00e9s dels seus websites i eines de participaci\u00f3; amb car\u00e0cter enunciatiu per\u00f2 no limitador, tamb\u00e9 es compromet a no fer-les servir per a:<\/p>\n<ul>\n<li>Provocar danys als sistemes f\u00edsics i l\u00f2gics del responsable del tractament, dels seus prove\u00efdors o de terceres persones, introduir o difondre a la xarxa virus inform\u00e0tics o qualsevol altre sistema f\u00edsic o l\u00f2gic que sigui susceptible de provocar danys.<\/li>\n<li>Intentar accedir i, si s\u2019escau, utilitzar els comptes de correu electr\u00f2nic d\u2019altres usuaris i modificar o manipular els seus missatges. El titular del domini es reserva el dret de retirar tots els comentaris i aportacions que vulnerin el respecte a la dignitat de la persona, que siguin discriminatoris, xen\u00f2fobs, racistes, pornogr\u00e0fics que atemptin contra les persones, especialment, contra els interessos de la joventut o de la inf\u00e0ncia, l\u2019ordre o la seguretat p\u00fablica o que, no resultessin adequats per a la seva publicaci\u00f3 a criteri de la direcci\u00f3 del centre.<\/li>\n<\/ul>\n<p>En qualsevol cas, el titular del domini no \u00e9s responsable de les opinions manifestades pels usuaris a trav\u00e9s dels f\u00f2rums, xats, o altres eines de participaci\u00f3. 2.3. \u00daS DE CONTRASENYES. Per accedir a determinats continguts cal introduir un codi d\u2019usuari i una contrasenya. Si no en disposeu d\u2019una, podeu demanar-la a tic@escac.es. Us informem que les contrasenyes s\u00f3n personals i intransferibles. L\u2019usuari \u00e9s l\u2019\u00fanic responsable de les conseq\u00fc\u00e8ncies que es puguin derivar de l\u2019\u00fas de la seva contrasenya. Per a qualsevol incid\u00e8ncia amb les contrasenyes podeu contactar amb tic@escac.es.<\/p>\n<h3>3.- PROPIETAT INTEL\u00b7LECTUAL I INDUSTRIAL<\/h3>\n<p>El titular del domini \u00e9s titular de tots els drets de propietat intel\u00b7lectual i industrial de les seves p\u00e0gines web, com tamb\u00e9 ho \u00e9s de tot el seu contingut, de manera que tota reproducci\u00f3, distribuci\u00f3 i comunicaci\u00f3 p\u00fablica total o parcial del seu contingut queda expressament prohibida sense l\u2019autoritzaci\u00f3 expressa de la direcci\u00f3 del centre.<\/p>\n<h3>4.- RESPONSABILITAT<\/h3>\n<p>El titular del domini no es fa responsable dels danys i perjudicis que es puguin derivar d\u2019interfer\u00e8ncies o avaries telef\u00f2niques, desconnexions en el sistema electr\u00f2nic, pres\u00e8ncia de virus inform\u00e0tics, programes maliciosos o qualsevol altre factor ali\u00e8 al seu control. El titular del domini es reserva l\u2019exercici de les accions legals que corresponguin contra els que vulnerin aquestes condicions.<\/p>\n<h3>5.- MODIFICACIONS DE LES PRESENTS CONDICIONS I VIG\u00c8NCIA<\/h3>\n<p>El titular del domini pot modificar aquestes condicions en qualsevol moment, sense av\u00eds previ, publicant les seves modificacions tal com apareixen.<\/p>\n<h3>6.- LEGISLACI\u00d3 APLICABLE I JURISDICCI\u00d3<\/h3>\n<p>La relaci\u00f3 entre el titular del domini i l\u2019usuari es regir\u00e0 per la normativa espanyola vigent i qualsevol controv\u00e8rsia se sotmetr\u00e0 als Jutjats i tribunals que correspongui a Terrassa.<\/p>\n<\/div>\n<\/div>\n","protected":false},"excerpt":{"rendered":"<p>1. IDENTIFICACI\u00d3 DEL TITULAR DEL DOMINI D\u2019acord amb el que disposa l\u2019article 10 de la Llei 34\/2002, de 11 de juliol, de Serveis de la Societat de la Informaci\u00f3 i del Comer\u00e7 Electr\u00f2nic, us informem que: El titular de la web \u00e9s la Fundaci\u00f3 Privada Escola Superior de Cinema i Audiovisuals de Catalunya (en endavant, [&hellip;]<\/p>\n","protected":false},"author":1,"featured_media":0,"parent":0,"menu_order":0,"comment_status":"closed","ping_status":"closed","template":"page-blank.php","meta":{"_acf_changed":false,"footnotes":""},"class_list":["post-1430","page","type-page","status-publish","hentry"],"acf":[],"yoast_head":"<!-- This site is optimized with the Yoast SEO plugin v27.4 - https:\/\/yoast.com\/product\/yoast-seo-wordpress\/ -->\n<title>Av\u00eds legal Web de Cinebase - Cinebase<\/title>\n<meta name=\"robots\" content=\"index, follow, max-snippet:-1, max-image-preview:large, max-video-preview:-1\" \/>\n<link rel=\"canonical\" href=\"https:\/\/cinebase.escac.es\/ca\/avis-legal\/\" \/>\n<meta property=\"og:locale\" content=\"ca_ES\" \/>\n<meta property=\"og:type\" content=\"article\" \/>\n<meta property=\"og:title\" content=\"Av\u00eds legal Web de Cinebase - Cinebase\" \/>\n<meta property=\"og:description\" content=\"1. IDENTIFICACI\u00d3 DEL TITULAR DEL DOMINI D\u2019acord amb el que disposa l\u2019article 10 de la Llei 34\/2002, de 11 de juliol, de Serveis de la Societat de la Informaci\u00f3 i del Comer\u00e7 Electr\u00f2nic, us informem que: El titular de la web \u00e9s la Fundaci\u00f3 Privada Escola Superior de Cinema i Audiovisuals de Catalunya (en endavant, [&hellip;]\" \/>\n<meta property=\"og:url\" content=\"https:\/\/cinebase.escac.es\/ca\/avis-legal\/\" \/>\n<meta property=\"og:site_name\" content=\"Cinebase\" \/>\n<meta property=\"article:modified_time\" content=\"2024-10-23T14:49:12+00:00\" \/>\n<meta name=\"twitter:card\" content=\"summary_large_image\" \/>\n<meta name=\"twitter:label1\" content=\"Temps estimat de lectura\" \/>\n\t<meta name=\"twitter:data1\" content=\"4 minuts\" \/>\n<script type=\"application\/ld+json\" class=\"yoast-schema-graph\">{\"@context\":\"https:\\\/\\\/schema.org\",\"@graph\":[{\"@type\":\"WebPage\",\"@id\":\"https:\\\/\\\/cinebase.escac.es\\\/ca\\\/avis-legal\\\/\",\"url\":\"https:\\\/\\\/cinebase.escac.es\\\/ca\\\/avis-legal\\\/\",\"name\":\"Av\u00eds legal Web de Cinebase - Cinebase\",\"isPartOf\":{\"@id\":\"https:\\\/\\\/cinebase.escac.es\\\/ca\\\/#website\"},\"datePublished\":\"2023-07-26T15:41:20+00:00\",\"dateModified\":\"2024-10-23T14:49:12+00:00\",\"inLanguage\":\"ca\",\"potentialAction\":[{\"@type\":\"ReadAction\",\"target\":[\"https:\\\/\\\/cinebase.escac.es\\\/ca\\\/avis-legal\\\/\"]}]},{\"@type\":\"WebSite\",\"@id\":\"https:\\\/\\\/cinebase.escac.es\\\/ca\\\/#website\",\"url\":\"https:\\\/\\\/cinebase.escac.es\\\/ca\\\/\",\"name\":\"Cinebase\",\"description\":\"\",\"potentialAction\":[{\"@type\":\"SearchAction\",\"target\":{\"@type\":\"EntryPoint\",\"urlTemplate\":\"https:\\\/\\\/cinebase.escac.es\\\/ca\\\/?s={search_term_string}\"},\"query-input\":{\"@type\":\"PropertyValueSpecification\",\"valueRequired\":true,\"valueName\":\"search_term_string\"}}],\"inLanguage\":\"ca\"}]}<\/script>\n<!-- \/ Yoast SEO plugin. -->","yoast_head_json":{"title":"Av\u00eds legal Web de Cinebase - Cinebase","robots":{"index":"index","follow":"follow","max-snippet":"max-snippet:-1","max-image-preview":"max-image-preview:large","max-video-preview":"max-video-preview:-1"},"canonical":"https:\/\/cinebase.escac.es\/ca\/avis-legal\/","og_locale":"ca_ES","og_type":"article","og_title":"Av\u00eds legal Web de Cinebase - Cinebase","og_description":"1. IDENTIFICACI\u00d3 DEL TITULAR DEL DOMINI D\u2019acord amb el que disposa l\u2019article 10 de la Llei 34\/2002, de 11 de juliol, de Serveis de la Societat de la Informaci\u00f3 i del Comer\u00e7 Electr\u00f2nic, us informem que: El titular de la web \u00e9s la Fundaci\u00f3 Privada Escola Superior de Cinema i Audiovisuals de Catalunya (en endavant, [&hellip;]","og_url":"https:\/\/cinebase.escac.es\/ca\/avis-legal\/","og_site_name":"Cinebase","article_modified_time":"2024-10-23T14:49:12+00:00","twitter_card":"summary_large_image","twitter_misc":{"Temps estimat de lectura":"4 minuts"},"schema":{"@context":"https:\/\/schema.org","@graph":[{"@type":"WebPage","@id":"https:\/\/cinebase.escac.es\/ca\/avis-legal\/","url":"https:\/\/cinebase.escac.es\/ca\/avis-legal\/","name":"Av\u00eds legal Web de Cinebase - Cinebase","isPartOf":{"@id":"https:\/\/cinebase.escac.es\/ca\/#website"},"datePublished":"2023-07-26T15:41:20+00:00","dateModified":"2024-10-23T14:49:12+00:00","inLanguage":"ca","potentialAction":[{"@type":"ReadAction","target":["https:\/\/cinebase.escac.es\/ca\/avis-legal\/"]}]},{"@type":"WebSite","@id":"https:\/\/cinebase.escac.es\/ca\/#website","url":"https:\/\/cinebase.escac.es\/ca\/","name":"Cinebase","description":"","potentialAction":[{"@type":"SearchAction","target":{"@type":"EntryPoint","urlTemplate":"https:\/\/cinebase.escac.es\/ca\/?s={search_term_string}"},"query-input":{"@type":"PropertyValueSpecification","valueRequired":true,"valueName":"search_term_string"}}],"inLanguage":"ca"}]}},"_links":{"self":[{"href":"https:\/\/cinebase.escac.es\/ca\/wp-json\/wp\/v2\/pages\/1430","targetHints":{"allow":["GET"]}}],"collection":[{"href":"https:\/\/cinebase.escac.es\/ca\/wp-json\/wp\/v2\/pages"}],"about":[{"href":"https:\/\/cinebase.escac.es\/ca\/wp-json\/wp\/v2\/types\/page"}],"author":[{"embeddable":true,"href":"https:\/\/cinebase.escac.es\/ca\/wp-json\/wp\/v2\/users\/1"}],"replies":[{"embeddable":true,"href":"https:\/\/cinebase.escac.es\/ca\/wp-json\/wp\/v2\/comments?post=1430"}],"version-history":[{"count":5,"href":"https:\/\/cinebase.escac.es\/ca\/wp-json\/wp\/v2\/pages\/1430\/revisions"}],"predecessor-version":[{"id":2249,"href":"https:\/\/cinebase.escac.es\/ca\/wp-json\/wp\/v2\/pages\/1430\/revisions\/2249"}],"wp:attachment":[{"href":"https:\/\/cinebase.escac.es\/ca\/wp-json\/wp\/v2\/media?parent=1430"}],"curies":[{"name":"wp","href":"https:\/\/api.w.org\/{rel}","templated":true}]}}