{"id":1425,"date":"2023-06-12T08:23:58","date_gmt":"2023-06-12T08:23:58","guid":{"rendered":"https:\/\/cinebase.escac.es\/?page_id=1425"},"modified":"2024-11-18T10:25:52","modified_gmt":"2024-11-18T10:25:52","slug":"manual-de-narrativa-audiovisual","status":"publish","type":"page","link":"https:\/\/cinebase.escac.es\/ca\/manual-de-narrativa-audiovisual\/","title":{"rendered":"Manual de narrativa audiovisual"},"content":{"rendered":"","protected":false},"excerpt":{"rendered":"","protected":false},"author":1,"featured_media":464,"parent":0,"menu_order":0,"comment_status":"closed","ping_status":"closed","template":"","meta":{"_acf_changed":false,"footnotes":""},"class_list":["post-1425","page","type-page","status-publish","has-post-thumbnail","hentry"],"acf":[],"yoast_head":"<!-- This site is optimized with the Yoast SEO plugin v27.4 - https:\/\/yoast.com\/product\/yoast-seo-wordpress\/ -->\n<title>Manual de narrativa audiovisual - Cinebase<\/title>\n<meta name=\"description\" content=\"CINE\u00a0BASE ha creat un Manual d\u2019exercicis de Narrativa Audiovisual pr\u00e0ctics, de senzilla i efectiva realitzaci\u00f3 i aplicaci\u00f3 a l\u2019Aula.\" \/>\n<meta name=\"robots\" content=\"index, follow, max-snippet:-1, max-image-preview:large, max-video-preview:-1\" \/>\n<link rel=\"canonical\" href=\"https:\/\/cinebase.escac.es\/ca\/manual-de-narrativa-audiovisual\/\" \/>\n<meta property=\"og:locale\" content=\"ca_ES\" \/>\n<meta property=\"og:type\" content=\"article\" \/>\n<meta property=\"og:title\" content=\"Manual de narrativa audiovisual - Cinebase\" \/>\n<meta property=\"og:description\" content=\"CINE\u00a0BASE ha creat un Manual d\u2019exercicis de Narrativa Audiovisual pr\u00e0ctics, de senzilla i efectiva realitzaci\u00f3 i aplicaci\u00f3 a l\u2019Aula.\" \/>\n<meta property=\"og:url\" content=\"https:\/\/cinebase.escac.es\/ca\/manual-de-narrativa-audiovisual\/\" \/>\n<meta property=\"og:site_name\" content=\"Cinebase\" \/>\n<meta property=\"article:modified_time\" content=\"2024-11-18T10:25:52+00:00\" \/>\n<meta property=\"og:image\" content=\"https:\/\/cinebase.escac.es\/wp-content\/uploads\/2023\/06\/Mask-group-1-5.jpg\" \/>\n\t<meta property=\"og:image:width\" content=\"951\" \/>\n\t<meta property=\"og:image:height\" content=\"720\" \/>\n\t<meta property=\"og:image:type\" content=\"image\/jpeg\" \/>\n<meta name=\"twitter:card\" content=\"summary_large_image\" \/>\n<meta name=\"twitter:label1\" content=\"Temps estimat de lectura\" \/>\n\t<meta name=\"twitter:data1\" content=\"1 minut\" \/>\n<script type=\"application\/ld+json\" class=\"yoast-schema-graph\">{\"@context\":\"https:\\\/\\\/schema.org\",\"@graph\":[{\"@type\":\"WebPage\",\"@id\":\"https:\\\/\\\/cinebase.escac.es\\\/ca\\\/manual-de-narrativa-audiovisual\\\/\",\"url\":\"https:\\\/\\\/cinebase.escac.es\\\/ca\\\/manual-de-narrativa-audiovisual\\\/\",\"name\":\"Manual de narrativa audiovisual - Cinebase\",\"isPartOf\":{\"@id\":\"https:\\\/\\\/cinebase.escac.es\\\/ca\\\/#website\"},\"primaryImageOfPage\":{\"@id\":\"https:\\\/\\\/cinebase.escac.es\\\/ca\\\/manual-de-narrativa-audiovisual\\\/#primaryimage\"},\"image\":{\"@id\":\"https:\\\/\\\/cinebase.escac.es\\\/ca\\\/manual-de-narrativa-audiovisual\\\/#primaryimage\"},\"thumbnailUrl\":\"https:\\\/\\\/cinebase.escac.es\\\/wp-content\\\/uploads\\\/2023\\\/06\\\/Mask-group-1-5.jpg\",\"datePublished\":\"2023-06-12T08:23:58+00:00\",\"dateModified\":\"2024-11-18T10:25:52+00:00\",\"description\":\"CINE\u00a0BASE ha creat un Manual d\u2019exercicis de Narrativa Audiovisual pr\u00e0ctics, de senzilla i efectiva realitzaci\u00f3 i aplicaci\u00f3 a l\u2019Aula.\",\"inLanguage\":\"ca\",\"potentialAction\":[{\"@type\":\"ReadAction\",\"target\":[\"https:\\\/\\\/cinebase.escac.es\\\/ca\\\/manual-de-narrativa-audiovisual\\\/\"]}]},{\"@type\":\"ImageObject\",\"inLanguage\":\"ca\",\"@id\":\"https:\\\/\\\/cinebase.escac.es\\\/ca\\\/manual-de-narrativa-audiovisual\\\/#primaryimage\",\"url\":\"https:\\\/\\\/cinebase.escac.es\\\/wp-content\\\/uploads\\\/2023\\\/06\\\/Mask-group-1-5.jpg\",\"contentUrl\":\"https:\\\/\\\/cinebase.escac.es\\\/wp-content\\\/uploads\\\/2023\\\/06\\\/Mask-group-1-5.jpg\",\"width\":951,\"height\":720},{\"@type\":\"WebSite\",\"@id\":\"https:\\\/\\\/cinebase.escac.es\\\/ca\\\/#website\",\"url\":\"https:\\\/\\\/cinebase.escac.es\\\/ca\\\/\",\"name\":\"Cinebase\",\"description\":\"\",\"potentialAction\":[{\"@type\":\"SearchAction\",\"target\":{\"@type\":\"EntryPoint\",\"urlTemplate\":\"https:\\\/\\\/cinebase.escac.es\\\/ca\\\/?s={search_term_string}\"},\"query-input\":{\"@type\":\"PropertyValueSpecification\",\"valueRequired\":true,\"valueName\":\"search_term_string\"}}],\"inLanguage\":\"ca\"}]}<\/script>\n<!-- \/ Yoast SEO plugin. -->","yoast_head_json":{"title":"Manual de narrativa audiovisual - Cinebase","description":"CINE\u00a0BASE ha creat un Manual d\u2019exercicis de Narrativa Audiovisual pr\u00e0ctics, de senzilla i efectiva realitzaci\u00f3 i aplicaci\u00f3 a l\u2019Aula.","robots":{"index":"index","follow":"follow","max-snippet":"max-snippet:-1","max-image-preview":"max-image-preview:large","max-video-preview":"max-video-preview:-1"},"canonical":"https:\/\/cinebase.escac.es\/ca\/manual-de-narrativa-audiovisual\/","og_locale":"ca_ES","og_type":"article","og_title":"Manual de narrativa audiovisual - Cinebase","og_description":"CINE\u00a0BASE ha creat un Manual d\u2019exercicis de Narrativa Audiovisual pr\u00e0ctics, de senzilla i efectiva realitzaci\u00f3 i aplicaci\u00f3 a l\u2019Aula.","og_url":"https:\/\/cinebase.escac.es\/ca\/manual-de-narrativa-audiovisual\/","og_site_name":"Cinebase","article_modified_time":"2024-11-18T10:25:52+00:00","og_image":[{"width":951,"height":720,"url":"https:\/\/cinebase.escac.es\/wp-content\/uploads\/2023\/06\/Mask-group-1-5.jpg","type":"image\/jpeg"}],"twitter_card":"summary_large_image","twitter_misc":{"Temps estimat de lectura":"1 minut"},"schema":{"@context":"https:\/\/schema.org","@graph":[{"@type":"WebPage","@id":"https:\/\/cinebase.escac.es\/ca\/manual-de-narrativa-audiovisual\/","url":"https:\/\/cinebase.escac.es\/ca\/manual-de-narrativa-audiovisual\/","name":"Manual de narrativa audiovisual - Cinebase","isPartOf":{"@id":"https:\/\/cinebase.escac.es\/ca\/#website"},"primaryImageOfPage":{"@id":"https:\/\/cinebase.escac.es\/ca\/manual-de-narrativa-audiovisual\/#primaryimage"},"image":{"@id":"https:\/\/cinebase.escac.es\/ca\/manual-de-narrativa-audiovisual\/#primaryimage"},"thumbnailUrl":"https:\/\/cinebase.escac.es\/wp-content\/uploads\/2023\/06\/Mask-group-1-5.jpg","datePublished":"2023-06-12T08:23:58+00:00","dateModified":"2024-11-18T10:25:52+00:00","description":"CINE\u00a0BASE ha creat un Manual d\u2019exercicis de Narrativa Audiovisual pr\u00e0ctics, de senzilla i efectiva realitzaci\u00f3 i aplicaci\u00f3 a l\u2019Aula.","inLanguage":"ca","potentialAction":[{"@type":"ReadAction","target":["https:\/\/cinebase.escac.es\/ca\/manual-de-narrativa-audiovisual\/"]}]},{"@type":"ImageObject","inLanguage":"ca","@id":"https:\/\/cinebase.escac.es\/ca\/manual-de-narrativa-audiovisual\/#primaryimage","url":"https:\/\/cinebase.escac.es\/wp-content\/uploads\/2023\/06\/Mask-group-1-5.jpg","contentUrl":"https:\/\/cinebase.escac.es\/wp-content\/uploads\/2023\/06\/Mask-group-1-5.jpg","width":951,"height":720},{"@type":"WebSite","@id":"https:\/\/cinebase.escac.es\/ca\/#website","url":"https:\/\/cinebase.escac.es\/ca\/","name":"Cinebase","description":"","potentialAction":[{"@type":"SearchAction","target":{"@type":"EntryPoint","urlTemplate":"https:\/\/cinebase.escac.es\/ca\/?s={search_term_string}"},"query-input":{"@type":"PropertyValueSpecification","valueRequired":true,"valueName":"search_term_string"}}],"inLanguage":"ca"}]}},"_links":{"self":[{"href":"https:\/\/cinebase.escac.es\/ca\/wp-json\/wp\/v2\/pages\/1425","targetHints":{"allow":["GET"]}}],"collection":[{"href":"https:\/\/cinebase.escac.es\/ca\/wp-json\/wp\/v2\/pages"}],"about":[{"href":"https:\/\/cinebase.escac.es\/ca\/wp-json\/wp\/v2\/types\/page"}],"author":[{"embeddable":true,"href":"https:\/\/cinebase.escac.es\/ca\/wp-json\/wp\/v2\/users\/1"}],"replies":[{"embeddable":true,"href":"https:\/\/cinebase.escac.es\/ca\/wp-json\/wp\/v2\/comments?post=1425"}],"version-history":[{"count":7,"href":"https:\/\/cinebase.escac.es\/ca\/wp-json\/wp\/v2\/pages\/1425\/revisions"}],"predecessor-version":[{"id":2278,"href":"https:\/\/cinebase.escac.es\/ca\/wp-json\/wp\/v2\/pages\/1425\/revisions\/2278"}],"wp:featuredmedia":[{"embeddable":true,"href":"https:\/\/cinebase.escac.es\/ca\/wp-json\/wp\/v2\/media\/464"}],"wp:attachment":[{"href":"https:\/\/cinebase.escac.es\/ca\/wp-json\/wp\/v2\/media?parent=1425"}],"curies":[{"name":"wp","href":"https:\/\/api.w.org\/{rel}","templated":true}]}}