{"id":1407,"date":"2023-06-12T08:23:57","date_gmt":"2023-06-12T08:23:57","guid":{"rendered":"https:\/\/cinebase.escac.es\/?page_id=1407"},"modified":"2024-10-23T14:52:28","modified_gmt":"2024-10-23T14:52:28","slug":"col%c2%b7laboracions","status":"publish","type":"page","link":"https:\/\/cinebase.escac.es\/ca\/col%c2%b7laboracions\/","title":{"rendered":"Col\u00b7laboracions"},"content":{"rendered":"","protected":false},"excerpt":{"rendered":"","protected":false},"author":1,"featured_media":0,"parent":0,"menu_order":0,"comment_status":"closed","ping_status":"closed","template":"","meta":{"_acf_changed":false,"footnotes":""},"class_list":["post-1407","page","type-page","status-publish","hentry"],"acf":[],"yoast_head":"<!-- This site is optimized with the Yoast SEO plugin v27.4 - https:\/\/yoast.com\/product\/yoast-seo-wordpress\/ -->\n<title>Col\u00b7laboracions - Cinebase<\/title>\n<meta name=\"description\" content=\"CINE BASE apropa el m\u00f3n del cinema a les fam\u00edlies i proporciona diferents activitats pr\u00e0ctiques a trav\u00e9s de la narrativa audiovisual.\" \/>\n<meta name=\"robots\" content=\"index, follow, max-snippet:-1, max-image-preview:large, max-video-preview:-1\" \/>\n<link rel=\"canonical\" href=\"https:\/\/cinebase.escac.es\/ca\/col%c2%b7laboracions\/\" \/>\n<meta property=\"og:locale\" content=\"ca_ES\" \/>\n<meta property=\"og:type\" content=\"article\" \/>\n<meta property=\"og:title\" content=\"Col\u00b7laboracions - Cinebase\" \/>\n<meta property=\"og:description\" content=\"CINE BASE apropa el m\u00f3n del cinema a les fam\u00edlies i proporciona diferents activitats pr\u00e0ctiques a trav\u00e9s de la narrativa audiovisual.\" \/>\n<meta property=\"og:url\" content=\"https:\/\/cinebase.escac.es\/ca\/col%c2%b7laboracions\/\" \/>\n<meta property=\"og:site_name\" content=\"Cinebase\" \/>\n<meta property=\"article:modified_time\" content=\"2024-10-23T14:52:28+00:00\" \/>\n<meta name=\"twitter:card\" content=\"summary_large_image\" \/>\n<script type=\"application\/ld+json\" class=\"yoast-schema-graph\">{\"@context\":\"https:\\\/\\\/schema.org\",\"@graph\":[{\"@type\":\"WebPage\",\"@id\":\"https:\\\/\\\/cinebase.escac.es\\\/ca\\\/col%c2%b7laboracions\\\/\",\"url\":\"https:\\\/\\\/cinebase.escac.es\\\/ca\\\/col%c2%b7laboracions\\\/\",\"name\":\"Col\u00b7laboracions - Cinebase\",\"isPartOf\":{\"@id\":\"https:\\\/\\\/cinebase.escac.es\\\/ca\\\/#website\"},\"datePublished\":\"2023-06-12T08:23:57+00:00\",\"dateModified\":\"2024-10-23T14:52:28+00:00\",\"description\":\"CINE BASE apropa el m\u00f3n del cinema a les fam\u00edlies i proporciona diferents activitats pr\u00e0ctiques a trav\u00e9s de la narrativa audiovisual.\",\"inLanguage\":\"ca\",\"potentialAction\":[{\"@type\":\"ReadAction\",\"target\":[\"https:\\\/\\\/cinebase.escac.es\\\/ca\\\/col%c2%b7laboracions\\\/\"]}]},{\"@type\":\"WebSite\",\"@id\":\"https:\\\/\\\/cinebase.escac.es\\\/ca\\\/#website\",\"url\":\"https:\\\/\\\/cinebase.escac.es\\\/ca\\\/\",\"name\":\"Cinebase\",\"description\":\"\",\"potentialAction\":[{\"@type\":\"SearchAction\",\"target\":{\"@type\":\"EntryPoint\",\"urlTemplate\":\"https:\\\/\\\/cinebase.escac.es\\\/ca\\\/?s={search_term_string}\"},\"query-input\":{\"@type\":\"PropertyValueSpecification\",\"valueRequired\":true,\"valueName\":\"search_term_string\"}}],\"inLanguage\":\"ca\"}]}<\/script>\n<!-- \/ Yoast SEO plugin. -->","yoast_head_json":{"title":"Col\u00b7laboracions - Cinebase","description":"CINE BASE apropa el m\u00f3n del cinema a les fam\u00edlies i proporciona diferents activitats pr\u00e0ctiques a trav\u00e9s de la narrativa audiovisual.","robots":{"index":"index","follow":"follow","max-snippet":"max-snippet:-1","max-image-preview":"max-image-preview:large","max-video-preview":"max-video-preview:-1"},"canonical":"https:\/\/cinebase.escac.es\/ca\/col%c2%b7laboracions\/","og_locale":"ca_ES","og_type":"article","og_title":"Col\u00b7laboracions - Cinebase","og_description":"CINE BASE apropa el m\u00f3n del cinema a les fam\u00edlies i proporciona diferents activitats pr\u00e0ctiques a trav\u00e9s de la narrativa audiovisual.","og_url":"https:\/\/cinebase.escac.es\/ca\/col%c2%b7laboracions\/","og_site_name":"Cinebase","article_modified_time":"2024-10-23T14:52:28+00:00","twitter_card":"summary_large_image","schema":{"@context":"https:\/\/schema.org","@graph":[{"@type":"WebPage","@id":"https:\/\/cinebase.escac.es\/ca\/col%c2%b7laboracions\/","url":"https:\/\/cinebase.escac.es\/ca\/col%c2%b7laboracions\/","name":"Col\u00b7laboracions - Cinebase","isPartOf":{"@id":"https:\/\/cinebase.escac.es\/ca\/#website"},"datePublished":"2023-06-12T08:23:57+00:00","dateModified":"2024-10-23T14:52:28+00:00","description":"CINE BASE apropa el m\u00f3n del cinema a les fam\u00edlies i proporciona diferents activitats pr\u00e0ctiques a trav\u00e9s de la narrativa audiovisual.","inLanguage":"ca","potentialAction":[{"@type":"ReadAction","target":["https:\/\/cinebase.escac.es\/ca\/col%c2%b7laboracions\/"]}]},{"@type":"WebSite","@id":"https:\/\/cinebase.escac.es\/ca\/#website","url":"https:\/\/cinebase.escac.es\/ca\/","name":"Cinebase","description":"","potentialAction":[{"@type":"SearchAction","target":{"@type":"EntryPoint","urlTemplate":"https:\/\/cinebase.escac.es\/ca\/?s={search_term_string}"},"query-input":{"@type":"PropertyValueSpecification","valueRequired":true,"valueName":"search_term_string"}}],"inLanguage":"ca"}]}},"_links":{"self":[{"href":"https:\/\/cinebase.escac.es\/ca\/wp-json\/wp\/v2\/pages\/1407","targetHints":{"allow":["GET"]}}],"collection":[{"href":"https:\/\/cinebase.escac.es\/ca\/wp-json\/wp\/v2\/pages"}],"about":[{"href":"https:\/\/cinebase.escac.es\/ca\/wp-json\/wp\/v2\/types\/page"}],"author":[{"embeddable":true,"href":"https:\/\/cinebase.escac.es\/ca\/wp-json\/wp\/v2\/users\/1"}],"replies":[{"embeddable":true,"href":"https:\/\/cinebase.escac.es\/ca\/wp-json\/wp\/v2\/comments?post=1407"}],"version-history":[{"count":12,"href":"https:\/\/cinebase.escac.es\/ca\/wp-json\/wp\/v2\/pages\/1407\/revisions"}],"predecessor-version":[{"id":2253,"href":"https:\/\/cinebase.escac.es\/ca\/wp-json\/wp\/v2\/pages\/1407\/revisions\/2253"}],"wp:attachment":[{"href":"https:\/\/cinebase.escac.es\/ca\/wp-json\/wp\/v2\/media?parent=1407"}],"curies":[{"name":"wp","href":"https:\/\/api.w.org\/{rel}","templated":true}]}}