{"id":1405,"date":"2023-06-12T08:23:56","date_gmt":"2023-06-12T08:23:56","guid":{"rendered":"https:\/\/cinebase.escac.es\/?page_id=1405"},"modified":"2024-10-23T14:47:55","modified_gmt":"2024-10-23T14:47:55","slug":"assistencia-a-laula","status":"publish","type":"page","link":"https:\/\/cinebase.escac.es\/ca\/assistencia-a-laula\/","title":{"rendered":"Assist\u00e8ncia a l\u2019aula"},"content":{"rendered":"<h2>El m\u00f3n \u00e9s audiovisual, viu-lo a l&#8217;aula<\/h2>\n<p id=\"tw-target-text\" class=\"tw-data-text tw-text-large tw-ta\" dir=\"ltr\" data-placeholder=\"Traducci\u00f3n\"><span class=\"Y2IQFc\" lang=\"ca\">Per a tots aquells docents que s&#8217;hagin format Cinebase ofereix un suport d&#8217;assist\u00e8ncia per a la implantaci\u00f3 de l&#8217;audiovisual a les aules<\/span>, mitjan\u00e7ant la participaci\u00f3 activa de la direcci\u00f3 curricular de l\u2019<a href=\"https:\/\/escac.com\/\">ESCAC<\/a> estudiant, proposant i supervisant propostes concretes de tallers i projectes per als diferents centres que aix\u00ed ho sol\u00b7licitin.<\/p>\n<p>Tot projecte o taller d&#8217;introducci\u00f3 a la narrativa audiovisual rep una atenci\u00f3 personalitzada ajustant la programaci\u00f3 i proposta a les necessitats i objectius de cada centre.<\/p>\n<h2>Accessibilitat &#8211; Necessitats en els centres<\/h2>\n<p>Una condici\u00f3 primordial del projecte <span class=\"Y2IQFc\" lang=\"ca\">Cinebase<\/span> \u00e9s que sigui accessible per a qualsevol centre independentment dels recursos que disposi. Els alumnes realitzaran les activitats amb el material cedit per <span class=\"Y2IQFc\" lang=\"ca\">Cinebase<\/span> o material del centre com a m\u00f2bils, tauletes o c\u00e0meres senzilles de fotografia i v\u00eddeo de f\u00e0cil acc\u00e9s. La finalitat dels exercicis \u00e9s la reflexi\u00f3 i l&#8217;acci\u00f3 entorn a la proposta narrativa. La t\u00e8cnica \u00e9s un suport, no un objectiu en si mateixa.<\/p>\n<p>Fins al moment han participat a <span class=\"Y2IQFc\" lang=\"ca\">Cinebase<\/span> m\u00e9s de 400 centres.<\/p>\n<p>S&#8217;han realitzat m\u00e9s de 600 tallers i projectes d&#8217;Assist\u00e8ncia a l&#8217;Aula dissenyats a mida i que han impactat directament a m\u00e9s de 15.000 alumnes.<\/p>\n<p><img loading=\"lazy\" decoding=\"async\" class=\"alignnone size-full wp-image-404\" src=\"https:\/\/cinebase.escac.es\/wp-content\/uploads\/2023\/06\/Rectangle-61-3.jpg\" alt=\"\" width=\"796\" height=\"457\" srcset=\"https:\/\/cinebase.escac.es\/wp-content\/uploads\/2023\/06\/Rectangle-61-3.jpg 796w, https:\/\/cinebase.escac.es\/wp-content\/uploads\/2023\/06\/Rectangle-61-3-300x172.jpg 300w, https:\/\/cinebase.escac.es\/wp-content\/uploads\/2023\/06\/Rectangle-61-3-768x441.jpg 768w\" sizes=\"auto, (max-width: 796px) 100vw, 796px\" \/><\/p>\n","protected":false},"excerpt":{"rendered":"<p>El m\u00f3n \u00e9s audiovisual, viu-lo a l&#8217;aula Per a tots aquells docents que s&#8217;hagin format Cinebase ofereix un suport d&#8217;assist\u00e8ncia per a la implantaci\u00f3 de l&#8217;audiovisual a les aules, mitjan\u00e7ant la participaci\u00f3 activa de la direcci\u00f3 curricular de l\u2019ESCAC estudiant, proposant i supervisant propostes concretes de tallers i projectes per als diferents centres que aix\u00ed [&hellip;]<\/p>\n","protected":false},"author":1,"featured_media":0,"parent":0,"menu_order":0,"comment_status":"closed","ping_status":"closed","template":"page-asistencia.php","meta":{"_acf_changed":false,"footnotes":""},"class_list":["post-1405","page","type-page","status-publish","hentry"],"acf":[],"yoast_head":"<!-- This site is optimized with the Yoast SEO plugin v27.4 - https:\/\/yoast.com\/product\/yoast-seo-wordpress\/ -->\n<title>Assist\u00e8ncia a l\u2019aula - Cinebase<\/title>\n<meta name=\"description\" content=\"Classes audiovisuals personalitzades per a centres educatius amb CINE BASE. Fomenta l&#039;audiovisual als teus alumnes a l&#039;aula.\" \/>\n<meta name=\"robots\" content=\"index, follow, max-snippet:-1, max-image-preview:large, max-video-preview:-1\" \/>\n<link rel=\"canonical\" href=\"https:\/\/cinebase.escac.es\/ca\/assistencia-a-laula\/\" \/>\n<meta property=\"og:locale\" content=\"ca_ES\" \/>\n<meta property=\"og:type\" content=\"article\" \/>\n<meta property=\"og:title\" content=\"Assist\u00e8ncia a l\u2019aula - Cinebase\" \/>\n<meta property=\"og:description\" content=\"Classes audiovisuals personalitzades per a centres educatius amb CINE BASE. Fomenta l&#039;audiovisual als teus alumnes a l&#039;aula.\" \/>\n<meta property=\"og:url\" content=\"https:\/\/cinebase.escac.es\/ca\/assistencia-a-laula\/\" \/>\n<meta property=\"og:site_name\" content=\"Cinebase\" \/>\n<meta property=\"article:modified_time\" content=\"2024-10-23T14:47:55+00:00\" \/>\n<meta property=\"og:image\" content=\"https:\/\/cinebase.escac.es\/wp-content\/uploads\/2023\/06\/Rectangle-61-3.jpg\" \/>\n<meta name=\"twitter:card\" content=\"summary_large_image\" \/>\n<meta name=\"twitter:label1\" content=\"Temps estimat de lectura\" \/>\n\t<meta name=\"twitter:data1\" content=\"2 minuts\" \/>\n<script type=\"application\/ld+json\" class=\"yoast-schema-graph\">{\"@context\":\"https:\\\/\\\/schema.org\",\"@graph\":[{\"@type\":\"WebPage\",\"@id\":\"https:\\\/\\\/cinebase.escac.es\\\/ca\\\/assistencia-a-laula\\\/\",\"url\":\"https:\\\/\\\/cinebase.escac.es\\\/ca\\\/assistencia-a-laula\\\/\",\"name\":\"Assist\u00e8ncia a l\u2019aula - Cinebase\",\"isPartOf\":{\"@id\":\"https:\\\/\\\/cinebase.escac.es\\\/ca\\\/#website\"},\"primaryImageOfPage\":{\"@id\":\"https:\\\/\\\/cinebase.escac.es\\\/ca\\\/assistencia-a-laula\\\/#primaryimage\"},\"image\":{\"@id\":\"https:\\\/\\\/cinebase.escac.es\\\/ca\\\/assistencia-a-laula\\\/#primaryimage\"},\"thumbnailUrl\":\"https:\\\/\\\/cinebase.escac.es\\\/wp-content\\\/uploads\\\/2023\\\/06\\\/Rectangle-61-3.jpg\",\"datePublished\":\"2023-06-12T08:23:56+00:00\",\"dateModified\":\"2024-10-23T14:47:55+00:00\",\"description\":\"Classes audiovisuals personalitzades per a centres educatius amb CINE BASE. Fomenta l'audiovisual als teus alumnes a l'aula.\",\"inLanguage\":\"ca\",\"potentialAction\":[{\"@type\":\"ReadAction\",\"target\":[\"https:\\\/\\\/cinebase.escac.es\\\/ca\\\/assistencia-a-laula\\\/\"]}]},{\"@type\":\"ImageObject\",\"inLanguage\":\"ca\",\"@id\":\"https:\\\/\\\/cinebase.escac.es\\\/ca\\\/assistencia-a-laula\\\/#primaryimage\",\"url\":\"https:\\\/\\\/cinebase.escac.es\\\/wp-content\\\/uploads\\\/2023\\\/06\\\/Rectangle-61-3.jpg\",\"contentUrl\":\"https:\\\/\\\/cinebase.escac.es\\\/wp-content\\\/uploads\\\/2023\\\/06\\\/Rectangle-61-3.jpg\"},{\"@type\":\"WebSite\",\"@id\":\"https:\\\/\\\/cinebase.escac.es\\\/ca\\\/#website\",\"url\":\"https:\\\/\\\/cinebase.escac.es\\\/ca\\\/\",\"name\":\"Cinebase\",\"description\":\"\",\"potentialAction\":[{\"@type\":\"SearchAction\",\"target\":{\"@type\":\"EntryPoint\",\"urlTemplate\":\"https:\\\/\\\/cinebase.escac.es\\\/ca\\\/?s={search_term_string}\"},\"query-input\":{\"@type\":\"PropertyValueSpecification\",\"valueRequired\":true,\"valueName\":\"search_term_string\"}}],\"inLanguage\":\"ca\"}]}<\/script>\n<!-- \/ Yoast SEO plugin. -->","yoast_head_json":{"title":"Assist\u00e8ncia a l\u2019aula - Cinebase","description":"Classes audiovisuals personalitzades per a centres educatius amb CINE BASE. Fomenta l'audiovisual als teus alumnes a l'aula.","robots":{"index":"index","follow":"follow","max-snippet":"max-snippet:-1","max-image-preview":"max-image-preview:large","max-video-preview":"max-video-preview:-1"},"canonical":"https:\/\/cinebase.escac.es\/ca\/assistencia-a-laula\/","og_locale":"ca_ES","og_type":"article","og_title":"Assist\u00e8ncia a l\u2019aula - Cinebase","og_description":"Classes audiovisuals personalitzades per a centres educatius amb CINE BASE. Fomenta l'audiovisual als teus alumnes a l'aula.","og_url":"https:\/\/cinebase.escac.es\/ca\/assistencia-a-laula\/","og_site_name":"Cinebase","article_modified_time":"2024-10-23T14:47:55+00:00","og_image":[{"url":"https:\/\/cinebase.escac.es\/wp-content\/uploads\/2023\/06\/Rectangle-61-3.jpg","type":"","width":"","height":""}],"twitter_card":"summary_large_image","twitter_misc":{"Temps estimat de lectura":"2 minuts"},"schema":{"@context":"https:\/\/schema.org","@graph":[{"@type":"WebPage","@id":"https:\/\/cinebase.escac.es\/ca\/assistencia-a-laula\/","url":"https:\/\/cinebase.escac.es\/ca\/assistencia-a-laula\/","name":"Assist\u00e8ncia a l\u2019aula - Cinebase","isPartOf":{"@id":"https:\/\/cinebase.escac.es\/ca\/#website"},"primaryImageOfPage":{"@id":"https:\/\/cinebase.escac.es\/ca\/assistencia-a-laula\/#primaryimage"},"image":{"@id":"https:\/\/cinebase.escac.es\/ca\/assistencia-a-laula\/#primaryimage"},"thumbnailUrl":"https:\/\/cinebase.escac.es\/wp-content\/uploads\/2023\/06\/Rectangle-61-3.jpg","datePublished":"2023-06-12T08:23:56+00:00","dateModified":"2024-10-23T14:47:55+00:00","description":"Classes audiovisuals personalitzades per a centres educatius amb CINE BASE. Fomenta l'audiovisual als teus alumnes a l'aula.","inLanguage":"ca","potentialAction":[{"@type":"ReadAction","target":["https:\/\/cinebase.escac.es\/ca\/assistencia-a-laula\/"]}]},{"@type":"ImageObject","inLanguage":"ca","@id":"https:\/\/cinebase.escac.es\/ca\/assistencia-a-laula\/#primaryimage","url":"https:\/\/cinebase.escac.es\/wp-content\/uploads\/2023\/06\/Rectangle-61-3.jpg","contentUrl":"https:\/\/cinebase.escac.es\/wp-content\/uploads\/2023\/06\/Rectangle-61-3.jpg"},{"@type":"WebSite","@id":"https:\/\/cinebase.escac.es\/ca\/#website","url":"https:\/\/cinebase.escac.es\/ca\/","name":"Cinebase","description":"","potentialAction":[{"@type":"SearchAction","target":{"@type":"EntryPoint","urlTemplate":"https:\/\/cinebase.escac.es\/ca\/?s={search_term_string}"},"query-input":{"@type":"PropertyValueSpecification","valueRequired":true,"valueName":"search_term_string"}}],"inLanguage":"ca"}]}},"_links":{"self":[{"href":"https:\/\/cinebase.escac.es\/ca\/wp-json\/wp\/v2\/pages\/1405","targetHints":{"allow":["GET"]}}],"collection":[{"href":"https:\/\/cinebase.escac.es\/ca\/wp-json\/wp\/v2\/pages"}],"about":[{"href":"https:\/\/cinebase.escac.es\/ca\/wp-json\/wp\/v2\/types\/page"}],"author":[{"embeddable":true,"href":"https:\/\/cinebase.escac.es\/ca\/wp-json\/wp\/v2\/users\/1"}],"replies":[{"embeddable":true,"href":"https:\/\/cinebase.escac.es\/ca\/wp-json\/wp\/v2\/comments?post=1405"}],"version-history":[{"count":9,"href":"https:\/\/cinebase.escac.es\/ca\/wp-json\/wp\/v2\/pages\/1405\/revisions"}],"predecessor-version":[{"id":2248,"href":"https:\/\/cinebase.escac.es\/ca\/wp-json\/wp\/v2\/pages\/1405\/revisions\/2248"}],"wp:attachment":[{"href":"https:\/\/cinebase.escac.es\/ca\/wp-json\/wp\/v2\/media?parent=1405"}],"curies":[{"name":"wp","href":"https:\/\/api.w.org\/{rel}","templated":true}]}}