{"id":1402,"date":"2023-06-12T08:23:53","date_gmt":"2023-06-12T08:23:53","guid":{"rendered":"https:\/\/cinebase.escac.es\/?page_id=1402"},"modified":"2024-10-24T06:02:43","modified_gmt":"2024-10-24T06:02:43","slug":"sobre-cine-base","status":"publish","type":"page","link":"https:\/\/cinebase.escac.es\/ca\/sobre-cine-base\/","title":{"rendered":"Sobre Cinebase"},"content":{"rendered":"","protected":false},"excerpt":{"rendered":"","protected":false},"author":1,"featured_media":0,"parent":0,"menu_order":0,"comment_status":"closed","ping_status":"closed","template":"","meta":{"_acf_changed":false,"footnotes":""},"class_list":["post-1402","page","type-page","status-publish","hentry"],"acf":[],"yoast_head":"<!-- This site is optimized with the Yoast SEO plugin v27.4 - https:\/\/yoast.com\/product\/yoast-seo-wordpress\/ -->\n<title>Sobre Cinebase - Cinebase<\/title>\n<meta name=\"description\" content=\"CINE BASE \u00e9s un programa per a implantar la Narrativa Audiovisual com a compet\u00e8ncia b\u00e0sica, indispensable i d&#039;\u00fas habitual en l&#039;Educaci\u00f3.\" \/>\n<meta name=\"robots\" content=\"index, follow, max-snippet:-1, max-image-preview:large, max-video-preview:-1\" \/>\n<link rel=\"canonical\" href=\"https:\/\/cinebase.escac.es\/ca\/sobre-cine-base\/\" \/>\n<meta property=\"og:locale\" content=\"ca_ES\" \/>\n<meta property=\"og:type\" content=\"article\" \/>\n<meta property=\"og:title\" content=\"Sobre Cinebase - Cinebase\" \/>\n<meta property=\"og:description\" content=\"CINE BASE \u00e9s un programa per a implantar la Narrativa Audiovisual com a compet\u00e8ncia b\u00e0sica, indispensable i d&#039;\u00fas habitual en l&#039;Educaci\u00f3.\" \/>\n<meta property=\"og:url\" content=\"https:\/\/cinebase.escac.es\/ca\/sobre-cine-base\/\" \/>\n<meta property=\"og:site_name\" content=\"Cinebase\" \/>\n<meta property=\"article:modified_time\" content=\"2024-10-24T06:02:43+00:00\" \/>\n<meta name=\"twitter:card\" content=\"summary_large_image\" \/>\n<script type=\"application\/ld+json\" class=\"yoast-schema-graph\">{\"@context\":\"https:\\\/\\\/schema.org\",\"@graph\":[{\"@type\":\"WebPage\",\"@id\":\"https:\\\/\\\/cinebase.escac.es\\\/ca\\\/sobre-cine-base\\\/\",\"url\":\"https:\\\/\\\/cinebase.escac.es\\\/ca\\\/sobre-cine-base\\\/\",\"name\":\"Sobre Cinebase - Cinebase\",\"isPartOf\":{\"@id\":\"https:\\\/\\\/cinebase.escac.es\\\/ca\\\/#website\"},\"datePublished\":\"2023-06-12T08:23:53+00:00\",\"dateModified\":\"2024-10-24T06:02:43+00:00\",\"description\":\"CINE BASE \u00e9s un programa per a implantar la Narrativa Audiovisual com a compet\u00e8ncia b\u00e0sica, indispensable i d'\u00fas habitual en l'Educaci\u00f3.\",\"inLanguage\":\"ca\",\"potentialAction\":[{\"@type\":\"ReadAction\",\"target\":[\"https:\\\/\\\/cinebase.escac.es\\\/ca\\\/sobre-cine-base\\\/\"]}]},{\"@type\":\"WebSite\",\"@id\":\"https:\\\/\\\/cinebase.escac.es\\\/ca\\\/#website\",\"url\":\"https:\\\/\\\/cinebase.escac.es\\\/ca\\\/\",\"name\":\"Cinebase\",\"description\":\"\",\"potentialAction\":[{\"@type\":\"SearchAction\",\"target\":{\"@type\":\"EntryPoint\",\"urlTemplate\":\"https:\\\/\\\/cinebase.escac.es\\\/ca\\\/?s={search_term_string}\"},\"query-input\":{\"@type\":\"PropertyValueSpecification\",\"valueRequired\":true,\"valueName\":\"search_term_string\"}}],\"inLanguage\":\"ca\"}]}<\/script>\n<!-- \/ Yoast SEO plugin. -->","yoast_head_json":{"title":"Sobre Cinebase - Cinebase","description":"CINE BASE \u00e9s un programa per a implantar la Narrativa Audiovisual com a compet\u00e8ncia b\u00e0sica, indispensable i d'\u00fas habitual en l'Educaci\u00f3.","robots":{"index":"index","follow":"follow","max-snippet":"max-snippet:-1","max-image-preview":"max-image-preview:large","max-video-preview":"max-video-preview:-1"},"canonical":"https:\/\/cinebase.escac.es\/ca\/sobre-cine-base\/","og_locale":"ca_ES","og_type":"article","og_title":"Sobre Cinebase - Cinebase","og_description":"CINE BASE \u00e9s un programa per a implantar la Narrativa Audiovisual com a compet\u00e8ncia b\u00e0sica, indispensable i d'\u00fas habitual en l'Educaci\u00f3.","og_url":"https:\/\/cinebase.escac.es\/ca\/sobre-cine-base\/","og_site_name":"Cinebase","article_modified_time":"2024-10-24T06:02:43+00:00","twitter_card":"summary_large_image","schema":{"@context":"https:\/\/schema.org","@graph":[{"@type":"WebPage","@id":"https:\/\/cinebase.escac.es\/ca\/sobre-cine-base\/","url":"https:\/\/cinebase.escac.es\/ca\/sobre-cine-base\/","name":"Sobre Cinebase - Cinebase","isPartOf":{"@id":"https:\/\/cinebase.escac.es\/ca\/#website"},"datePublished":"2023-06-12T08:23:53+00:00","dateModified":"2024-10-24T06:02:43+00:00","description":"CINE BASE \u00e9s un programa per a implantar la Narrativa Audiovisual com a compet\u00e8ncia b\u00e0sica, indispensable i d'\u00fas habitual en l'Educaci\u00f3.","inLanguage":"ca","potentialAction":[{"@type":"ReadAction","target":["https:\/\/cinebase.escac.es\/ca\/sobre-cine-base\/"]}]},{"@type":"WebSite","@id":"https:\/\/cinebase.escac.es\/ca\/#website","url":"https:\/\/cinebase.escac.es\/ca\/","name":"Cinebase","description":"","potentialAction":[{"@type":"SearchAction","target":{"@type":"EntryPoint","urlTemplate":"https:\/\/cinebase.escac.es\/ca\/?s={search_term_string}"},"query-input":{"@type":"PropertyValueSpecification","valueRequired":true,"valueName":"search_term_string"}}],"inLanguage":"ca"}]}},"_links":{"self":[{"href":"https:\/\/cinebase.escac.es\/ca\/wp-json\/wp\/v2\/pages\/1402","targetHints":{"allow":["GET"]}}],"collection":[{"href":"https:\/\/cinebase.escac.es\/ca\/wp-json\/wp\/v2\/pages"}],"about":[{"href":"https:\/\/cinebase.escac.es\/ca\/wp-json\/wp\/v2\/types\/page"}],"author":[{"embeddable":true,"href":"https:\/\/cinebase.escac.es\/ca\/wp-json\/wp\/v2\/users\/1"}],"replies":[{"embeddable":true,"href":"https:\/\/cinebase.escac.es\/ca\/wp-json\/wp\/v2\/comments?post=1402"}],"version-history":[{"count":4,"href":"https:\/\/cinebase.escac.es\/ca\/wp-json\/wp\/v2\/pages\/1402\/revisions"}],"predecessor-version":[{"id":2272,"href":"https:\/\/cinebase.escac.es\/ca\/wp-json\/wp\/v2\/pages\/1402\/revisions\/2272"}],"wp:attachment":[{"href":"https:\/\/cinebase.escac.es\/ca\/wp-json\/wp\/v2\/media?parent=1402"}],"curies":[{"name":"wp","href":"https:\/\/api.w.org\/{rel}","templated":true}]}}